{"id":660,"date":"2020-10-27T08:34:59","date_gmt":"2020-10-27T08:34:59","guid":{"rendered":"https:\/\/paradise-nautic.de\/?page_id=660"},"modified":"2021-05-04T16:02:27","modified_gmt":"2021-05-04T16:02:27","slug":"karnic-boote","status":"publish","type":"page","link":"https:\/\/paradise-nautic.de\/?page_id=660","title":{"rendered":"Karnic Boote"},"content":{"rendered":"\t\t<div data-elementor-type=\"wp-page\" data-elementor-id=\"660\" class=\"elementor elementor-660\">\n\t\t\t\t\t\t<div class=\"elementor-inner\">\n\t\t\t\t<div class=\"elementor-section-wrap\">\n\t\t\t\t\t\t\t\t\t<section class=\"elementor-section elementor-top-section elementor-element elementor-element-28ef7b3 elementor-section-boxed elementor-section-height-default elementor-section-height-default\" data-id=\"28ef7b3\" data-element_type=\"section\">\n\t\t\t\t\t\t<div class=\"elementor-container elementor-column-gap-default\">\n\t\t\t\t\t\t\t<div class=\"elementor-row\">\n\t\t\t\t\t<div class=\"elementor-column elementor-col-100 elementor-top-column elementor-element elementor-element-d66d35f\" data-id=\"d66d35f\" data-element_type=\"column\">\n\t\t\t<div class=\"elementor-column-wrap elementor-element-populated\">\n\t\t\t\t\t\t\t<div class=\"elementor-widget-wrap\">\n\t\t\t\t\t\t<div class=\"elementor-element elementor-element-0e4c0fd elementor-widget elementor-widget-spacer\" data-id=\"0e4c0fd\" data-element_type=\"widget\" data-widget_type=\"spacer.default\">\n\t\t\t\t<div class=\"elementor-widget-container\">\n\t\t\t\t\t<div class=\"elementor-spacer\">\n\t\t\t<div class=\"elementor-spacer-inner\"><\/div>\n\t\t<\/div>\n\t\t\t\t<\/div>\n\t\t\t\t<\/div>\n\t\t\t\t\t\t<\/div>\n\t\t\t\t\t<\/div>\n\t\t<\/div>\n\t\t\t\t\t\t\t\t<\/div>\n\t\t\t\t\t<\/div>\n\t\t<\/section>\n\t\t\t\t<section class=\"elementor-section elementor-top-section elementor-element elementor-element-3e516e9 elementor-section-boxed elementor-section-height-default elementor-section-height-default\" data-id=\"3e516e9\" data-element_type=\"section\">\n\t\t\t\t\t\t<div class=\"elementor-container elementor-column-gap-default\">\n\t\t\t\t\t\t\t<div class=\"elementor-row\">\n\t\t\t\t\t<div class=\"elementor-column elementor-col-100 elementor-top-column elementor-element elementor-element-4376737\" data-id=\"4376737\" data-element_type=\"column\">\n\t\t\t<div class=\"elementor-column-wrap elementor-element-populated\">\n\t\t\t\t\t\t\t<div class=\"elementor-widget-wrap\">\n\t\t\t\t\t\t<div class=\"elementor-element elementor-element-34aac0d elementor-widget elementor-widget-heading\" data-id=\"34aac0d\" data-element_type=\"widget\" data-widget_type=\"heading.default\">\n\t\t\t\t<div class=\"elementor-widget-container\">\n\t\t\t<h2 class=\"elementor-heading-title elementor-size-default\">Karnic Boote by Paradise Nautic<\/h2>\t\t<\/div>\n\t\t\t\t<\/div>\n\t\t\t\t\t\t<\/div>\n\t\t\t\t\t<\/div>\n\t\t<\/div>\n\t\t\t\t\t\t\t\t<\/div>\n\t\t\t\t\t<\/div>\n\t\t<\/section>\n\t\t\t\t<section class=\"elementor-section elementor-top-section elementor-element elementor-element-85ca19f elementor-section-boxed elementor-section-height-default elementor-section-height-default\" data-id=\"85ca19f\" data-element_type=\"section\">\n\t\t\t\t\t\t<div class=\"elementor-container elementor-column-gap-default\">\n\t\t\t\t\t\t\t<div class=\"elementor-row\">\n\t\t\t\t\t<div class=\"elementor-column elementor-col-100 elementor-top-column elementor-element elementor-element-3a9ae19\" data-id=\"3a9ae19\" data-element_type=\"column\">\n\t\t\t<div class=\"elementor-column-wrap elementor-element-populated\">\n\t\t\t\t\t\t\t<div class=\"elementor-widget-wrap\">\n\t\t\t\t\t\t<div class=\"elementor-element elementor-element-b090ab9 elementor-widget elementor-widget-spacer\" data-id=\"b090ab9\" data-element_type=\"widget\" data-widget_type=\"spacer.default\">\n\t\t\t\t<div class=\"elementor-widget-container\">\n\t\t\t\t\t<div class=\"elementor-spacer\">\n\t\t\t<div class=\"elementor-spacer-inner\"><\/div>\n\t\t<\/div>\n\t\t\t\t<\/div>\n\t\t\t\t<\/div>\n\t\t\t\t\t\t<\/div>\n\t\t\t\t\t<\/div>\n\t\t<\/div>\n\t\t\t\t\t\t\t\t<\/div>\n\t\t\t\t\t<\/div>\n\t\t<\/section>\n\t\t\t\t<section class=\"elementor-section elementor-top-section elementor-element elementor-element-43d2b0f elementor-section-boxed elementor-section-height-default elementor-section-height-default\" data-id=\"43d2b0f\" data-element_type=\"section\">\n\t\t\t\t\t\t\t<div class=\"elementor-background-overlay\"><\/div>\n\t\t\t\t\t\t\t<div class=\"elementor-container elementor-column-gap-default\">\n\t\t\t\t\t\t\t<div class=\"elementor-row\">\n\t\t\t\t\t<div class=\"elementor-column elementor-col-100 elementor-top-column elementor-element elementor-element-9c697cb\" data-id=\"9c697cb\" data-element_type=\"column\">\n\t\t\t<div class=\"elementor-column-wrap elementor-element-populated\">\n\t\t\t\t\t\t\t<div class=\"elementor-widget-wrap\">\n\t\t\t\t\t\t<div class=\"elementor-element elementor-element-e246a11 elementor-widget elementor-widget-text-editor\" data-id=\"e246a11\" data-element_type=\"widget\" data-widget_type=\"text-editor.default\">\n\t\t\t\t<div class=\"elementor-widget-container\">\n\t\t\t\t\t\t\t\t<div class=\"elementor-text-editor elementor-clearfix\">\n\t\t\t\t<p>Klicken Sie hier und erleben Sie die Welt der Karnic Boote<\/p>\t\t\t\t\t<\/div>\n\t\t\t\t\t\t<\/div>\n\t\t\t\t<\/div>\n\t\t\t\t<section class=\"elementor-section elementor-inner-section elementor-element elementor-element-9ac627d elementor-section-boxed elementor-section-height-default elementor-section-height-default\" data-id=\"9ac627d\" data-element_type=\"section\">\n\t\t\t\t\t\t<div class=\"elementor-container elementor-column-gap-default\">\n\t\t\t\t\t\t\t<div class=\"elementor-row\">\n\t\t\t\t\t<div class=\"elementor-column elementor-col-100 elementor-inner-column elementor-element elementor-element-375c48b\" data-id=\"375c48b\" data-element_type=\"column\">\n\t\t\t<div class=\"elementor-column-wrap elementor-element-populated\">\n\t\t\t\t\t\t\t<div class=\"elementor-widget-wrap\">\n\t\t\t\t\t\t<div class=\"elementor-element elementor-element-1268b90 elementor-align-center elementor-widget elementor-widget-button\" data-id=\"1268b90\" data-element_type=\"widget\" data-widget_type=\"button.default\">\n\t\t\t\t<div class=\"elementor-widget-container\">\n\t\t\t\t\t<div class=\"elementor-button-wrapper\">\n\t\t\t<a href=\"https:\/\/karnic-boote.info\/\" class=\"elementor-button-link elementor-button elementor-size-sm\" role=\"button\">\n\t\t\t\t\t\t<span class=\"elementor-button-content-wrapper\">\n\t\t\t\t\t\t<span class=\"elementor-button-text\">Hier Klicken<\/span>\n\t\t<\/span>\n\t\t\t\t\t<\/a>\n\t\t<\/div>\n\t\t\t\t<\/div>\n\t\t\t\t<\/div>\n\t\t\t\t\t\t<\/div>\n\t\t\t\t\t<\/div>\n\t\t<\/div>\n\t\t\t\t\t\t\t\t<\/div>\n\t\t\t\t\t<\/div>\n\t\t<\/section>\n\t\t\t\t\t\t<\/div>\n\t\t\t\t\t<\/div>\n\t\t<\/div>\n\t\t\t\t\t\t\t\t<\/div>\n\t\t\t\t\t<\/div>\n\t\t<\/section>\n\t\t\t\t<section class=\"elementor-section elementor-top-section elementor-element elementor-element-f52c6b2 elementor-section-boxed elementor-section-height-default elementor-section-height-default\" data-id=\"f52c6b2\" data-element_type=\"section\">\n\t\t\t\t\t\t<div class=\"elementor-container elementor-column-gap-default\">\n\t\t\t\t\t\t\t<div class=\"elementor-row\">\n\t\t\t\t\t<div class=\"elementor-column elementor-col-100 elementor-top-column elementor-element elementor-element-687f1e5\" data-id=\"687f1e5\" data-element_type=\"column\">\n\t\t\t<div class=\"elementor-column-wrap elementor-element-populated\">\n\t\t\t\t\t\t\t<div class=\"elementor-widget-wrap\">\n\t\t\t\t\t\t<div class=\"elementor-element elementor-element-df04931 elementor-widget elementor-widget-spacer\" data-id=\"df04931\" data-element_type=\"widget\" data-widget_type=\"spacer.default\">\n\t\t\t\t<div class=\"elementor-widget-container\">\n\t\t\t\t\t<div class=\"elementor-spacer\">\n\t\t\t<div class=\"elementor-spacer-inner\"><\/div>\n\t\t<\/div>\n\t\t\t\t<\/div>\n\t\t\t\t<\/div>\n\t\t\t\t\t\t<\/div>\n\t\t\t\t\t<\/div>\n\t\t<\/div>\n\t\t\t\t\t\t\t\t<\/div>\n\t\t\t\t\t<\/div>\n\t\t<\/section>\n\t\t\t\t<section class=\"elementor-section elementor-top-section elementor-element elementor-element-0f3b7ca elementor-section-boxed elementor-section-height-default elementor-section-height-default\" data-id=\"0f3b7ca\" data-element_type=\"section\">\n\t\t\t\t\t\t<div class=\"elementor-container elementor-column-gap-default\">\n\t\t\t\t\t\t\t<div class=\"elementor-row\">\n\t\t\t\t\t<div class=\"elementor-column elementor-col-100 elementor-top-column elementor-element elementor-element-b613c13\" data-id=\"b613c13\" data-element_type=\"column\">\n\t\t\t<div class=\"elementor-column-wrap elementor-element-populated\">\n\t\t\t\t\t\t\t<div class=\"elementor-widget-wrap\">\n\t\t\t\t\t\t<div class=\"elementor-element elementor-element-d4e876d elementor-widget elementor-widget-text-editor\" data-id=\"d4e876d\" data-element_type=\"widget\" data-widget_type=\"text-editor.default\">\n\t\t\t\t<div class=\"elementor-widget-container\">\n\t\t\t\t\t\t\t\t<div class=\"elementor-text-editor elementor-clearfix\">\n\t\t\t\t<section class=\"elementor-section elementor-top-section elementor-element elementor-element-47710e3 elementor-section-boxed elementor-section-height-default elementor-section-height-default\" data-id=\"47710e3\" data-element_type=\"section\"><div class=\"elementor-container elementor-column-gap-default\"><div class=\"elementor-row\"><div class=\"elementor-column elementor-col-100 elementor-top-column elementor-element elementor-element-d8051e5\" data-id=\"d8051e5\" data-element_type=\"column\"><div class=\"elementor-column-wrap elementor-element-populated\"><div class=\"elementor-widget-wrap\"><div class=\"elementor-element elementor-element-b61fa5d elementor-widget elementor-widget-text-editor\" data-id=\"b61fa5d\" data-element_type=\"widget\" data-widget_type=\"text-editor.default\"><div class=\"elementor-widget-container\"><div class=\"elementor-text-editor elementor-clearfix\"><div class=\"elementor-element elementor-element-2888f3d7 elementor-widget elementor-widget-text-editor\" data-id=\"2888f3d7\" data-element_type=\"widget\" data-widget_type=\"text-editor.default\"><div class=\"elementor-widget-container\"><div class=\"elementor-text-editor elementor-clearfix\"><p><span class=\"tlid-translation translation\" lang=\"de\"><strong>Effiziente und leistungsstarke Rumpfform<\/strong><\/span><\/p><p><span class=\"tlid-translation translation\" lang=\"de\">\u00a0\u00a0\u00a0\u00a0Karnic Ingenieure legen gro\u00dfen Wert auf das Design des Rumpfes. Tats\u00e4chlich wurde jede Form, Dimension, Kante oder Ecke an jedem Karnic-Rumpf so entworfen, dass sie einem Zweck dient. Ausgepr\u00e4gte und tiefe Spr\u00fchschienen am Rumpfboden in der richtigen Position und L\u00e4nge, umgekehrte Form der Maschinen, variabler Boden-V-Winkel, das Vorhandensein der Gleitfl\u00e4che, Wasserlinienbreite und Flair auf der Oberseite sind wichtige Parameter, um ein hervorragendes Wasserverhalten zu erzielen ruhige und raue Bedingungen, in Bewegung oder in Ruhe.<\/span><\/p><p>\u00a0\u00a0\u00a0\u00a0<b>Strukturelle Koh\u00e4renz und Starrheit<\/b><\/p><p><br \/>\u00a0\u00a0\u00a0\u00a0Karnic-R\u00fcmpfe sind mit einem Stringer-System aus Vollverbundschaum verst\u00e4rkt, das eine extrem steife Struktur sowohl in Biegung als auch in Torsion bietet. Die Rumpfsteifigkeit ist ein kritisches Merkmal, um eine Formverformung unter den hohen Wasserdruckbelastungen bei hoher Geschwindigkeit zu vermeiden. Tats\u00e4chlich ist ein Karnic-Rumpf so steif, dass er an drei Punkten asymmetrisch aufgeh\u00e4ngt werden kann, ohne Anzeichen von Biegung oder Verdrehung. Dar\u00fcber hinaus verteilt die Materialhomogenit\u00e4t die Spannungen gleichm\u00e4\u00dfig und verl\u00e4ngert die Produktlebensdauer, da anf\u00e4lligere Materialien wie Holz eliminiert werden.<\/p><p>\u00a0\u00a0\u00a0\u00a0<b>Hohe Verarbeitungsqualit\u00e4t<\/b><\/p><p><b><\/b><br \/>\u00a0\u00a0\u00a0\u00a0Eine hohe Verarbeitungsqualit\u00e4t ist eine Hauptanforderung f\u00fcr jedes von Karnic hergestellte Teil oder Bauteil, von der Auswahl der Teile und Materialien bis hin zur Herstellung und Montage der Produkte. Es gibt zahlreiche Beispiele f\u00fcr sichtbare Merkmale, die dies demonstrieren, wie z. B. die verklebten statt verschraubten Massivholz-Kabinent\u00fcrrahmen, die gestylten rostfreien Klampen, die vollst\u00e4ndig geschwei\u00dften Schienen, das verklebte Glas im Automobilstil bei allen geschlossenen Cockpit-Modellen oder in nicht sichtbaren Bereichen , die osmosebest\u00e4ndige Vinylester-Hautbeschichtung f\u00fcr alle R\u00fcmpfe und die Verwendung von Decklack f\u00fcr alle inneren Rumpfoberfl\u00e4chen f\u00fcr maximalen Schutz.<\/p><p>\u00a0\u00a0\u00a0<b>\u00a0Produktstil und Detail<\/b><\/p><p><b><\/b><br \/>\u00a0\u00a0\u00a0\u00a0Karnic zielt in jedem Design darauf ab, ein einzigartiges Design und nutzbare Details mit komplexen modernen Oberfl\u00e4chen zu bieten, um Formen, gut studierte Ergonomie und ausgewogene Raumverteilung zu definieren. Dies erfordert zwar viel mehr Aufwand bei Design und Entwicklung, erreicht jedoch den einzigartigen Charakter aller Karnic-Modelle und maximiert die R\u00fcckkehr zum Eigner f\u00fcr eine bestimmte Bootskategorie. Es wird allgemein beobachtet, dass ein Karnic auf einem bestimmten Quadratmeter mehr Merkmale, Details und Raumnutzung aufweist als auf einem Wettbewerbsboot derselben Kategorie den entsprechenden Quadratmeter.<\/p><p>\u00a0\u00a0\u00a0\u00a0<b>Hohes Produkt-Preis-Leistungsverh\u00e4ltnis<\/b><\/p><p><b><\/b><br \/>\u00a0\u00a0\u00a0\u00a0Karnic schafft es, ein hochwertiges Produkt zu wettbewerbsf\u00e4higen Preisen anzubieten, da der Schwerpunkt auf der Entwicklung und Weiterentwicklung eines hocheffizienten Produktionssystems liegt, das auf Genauigkeit und Flexibilit\u00e4t basiert, um die Qualit\u00e4t mit mehr als 150 Kontrollpunkten pro Linie autonom zu kontrollieren. Die Herausforderung f\u00fcr Karnic besteht darin, die Produktionskosten zu minimieren, indem Methoden oder Verfahren verfeinert und entwickelt werden, um die Produktivit\u00e4t zu steigern und Abfall zu vermeiden, anstatt die Qualit\u00e4t zu beeintr\u00e4chtigen.<\/p><\/div><\/div><\/div><\/div><\/div><\/div><\/div><\/div><\/div><\/div><\/div><\/section>\t\t\t\t\t<\/div>\n\t\t\t\t\t\t<\/div>\n\t\t\t\t<\/div>\n\t\t\t\t\t\t<\/div>\n\t\t\t\t\t<\/div>\n\t\t<\/div>\n\t\t\t\t\t\t\t\t<\/div>\n\t\t\t\t\t<\/div>\n\t\t<\/section>\n\t\t\t\t\t\t\t\t\t<\/div>\n\t\t\t<\/div>\n\t\t\t\t\t<\/div>\n\t\t","protected":false},"excerpt":{"rendered":"<p>Karnic Boote by Paradise Nautic Klicken Sie hier und erleben Sie die Welt der Karnic Boote Hier Klicken Effiziente und leistungsstarke Rumpfform \u00a0\u00a0\u00a0\u00a0Karnic Ingenieure legen gro\u00dfen Wert auf das Design des Rumpfes. Tats\u00e4chlich wurde jede Form, Dimension, Kante oder Ecke an jedem Karnic-Rumpf so entworfen, dass sie einem Zweck dient. Ausgepr\u00e4gte und tiefe Spr\u00fchschienen am &hellip;<\/p>\n<p class=\"read-more\"> <a class=\"\" href=\"https:\/\/paradise-nautic.de\/?page_id=660\"> <span class=\"screen-reader-text\">Karnic Boote<\/span> Weiterlesen &raquo;<\/a><\/p>\n","protected":false},"author":1,"featured_media":0,"parent":0,"menu_order":0,"comment_status":"closed","ping_status":"closed","template":"","meta":[],"_links":{"self":[{"href":"https:\/\/paradise-nautic.de\/index.php?rest_route=\/wp\/v2\/pages\/660"}],"collection":[{"href":"https:\/\/paradise-nautic.de\/index.php?rest_route=\/wp\/v2\/pages"}],"about":[{"href":"https:\/\/paradise-nautic.de\/index.php?rest_route=\/wp\/v2\/types\/page"}],"author":[{"embeddable":true,"href":"https:\/\/paradise-nautic.de\/index.php?rest_route=\/wp\/v2\/users\/1"}],"replies":[{"embeddable":true,"href":"https:\/\/paradise-nautic.de\/index.php?rest_route=%2Fwp%2Fv2%2Fcomments&post=660"}],"version-history":[{"count":3,"href":"https:\/\/paradise-nautic.de\/index.php?rest_route=\/wp\/v2\/pages\/660\/revisions"}],"predecessor-version":[{"id":699,"href":"https:\/\/paradise-nautic.de\/index.php?rest_route=\/wp\/v2\/pages\/660\/revisions\/699"}],"wp:attachment":[{"href":"https:\/\/paradise-nautic.de\/index.php?rest_route=%2Fwp%2Fv2%2Fmedia&parent=660"}],"curies":[{"name":"wp","href":"https:\/\/api.w.org\/{rel}","templated":true}]}}